{"id":4310,"date":"2023-09-05T10:48:14","date_gmt":"2023-09-05T02:48:14","guid":{"rendered":"http:\/\/ruhrtech.com\/fr\/?page_id=4310"},"modified":"2023-10-03T19:32:13","modified_gmt":"2023-10-03T11:32:13","slug":"sustainability","status":"publish","type":"page","link":"http:\/\/ruhrtech.com\/fr\/index.php\/sustainability\/","title":{"rendered":"Sustainability"},"content":{"rendered":"\t\t<div data-elementor-type=\"wp-page\" data-elementor-id=\"4310\" class=\"elementor elementor-4310\" data-elementor-post-type=\"page\">\n\t\t\t\t\t\t<section class=\"elementor-section elementor-top-section elementor-element elementor-element-22fc59de elementor-section-full_width elementor-section-height-default elementor-section-height-default\" data-id=\"22fc59de\" data-element_type=\"section\" data-e-type=\"section\" data-settings=\"{&quot;background_background&quot;:&quot;classic&quot;}\">\n\t\t\t\t\t\t<div class=\"elementor-container elementor-column-gap-default\">\n\t\t\t\t\t<div class=\"elementor-column elementor-col-100 elementor-top-column elementor-element elementor-element-55d20ea4\" data-id=\"55d20ea4\" data-element_type=\"column\" data-e-type=\"column\" data-settings=\"{&quot;background_background&quot;:&quot;classic&quot;}\">\n\t\t\t<div class=\"elementor-widget-wrap elementor-element-populated\">\n\t\t\t\t\t\t<div class=\"elementor-element elementor-element-1286f189 elementor-widget elementor-widget-image\" data-id=\"1286f189\" data-element_type=\"widget\" data-e-type=\"widget\" data-widget_type=\"image.default\">\n\t\t\t\t<div class=\"elementor-widget-container\">\n\t\t\t\t\t\t\t\t\t\t\t\t\t\t\t<img fetchpriority=\"high\" decoding=\"async\" width=\"1500\" height=\"420\" src=\"http:\/\/ruhrtech.com\/fr\/wp-content\/uploads\/2023\/10\/sustainfr.svg\" class=\"attachment-full size-full wp-image-5935\" alt=\"\" \/>\t\t\t\t\t\t\t\t\t\t\t\t\t\t\t<\/div>\n\t\t\t\t<\/div>\n\t\t\t\t\t<\/div>\n\t\t<\/div>\n\t\t\t\t\t<\/div>\n\t\t<\/section>\n\t\t\t\t<section class=\"elementor-section elementor-top-section elementor-element elementor-element-750808b5 elementor-section-boxed elementor-section-height-default elementor-section-height-default\" data-id=\"750808b5\" data-element_type=\"section\" data-e-type=\"section\" data-settings=\"{&quot;background_background&quot;:&quot;classic&quot;}\">\n\t\t\t\t\t\t<div class=\"elementor-container elementor-column-gap-default\">\n\t\t\t\t\t<div class=\"elementor-column elementor-col-33 elementor-top-column elementor-element elementor-element-106e1c99\" data-id=\"106e1c99\" data-element_type=\"column\" data-e-type=\"column\">\n\t\t\t<div class=\"elementor-widget-wrap elementor-element-populated\">\n\t\t\t\t<div class=\"elementor-element elementor-element-427107ee e-con-full e-flex e-con e-parent\" data-id=\"427107ee\" data-element_type=\"container\" data-e-type=\"container\">\n\t\t\t\t<div class=\"elementor-element elementor-element-9cd022f elementor-widget elementor-widget-image\" data-id=\"9cd022f\" data-element_type=\"widget\" data-e-type=\"widget\" data-widget_type=\"image.default\">\n\t\t\t\t<div class=\"elementor-widget-container\">\n\t\t\t\t\t\t\t\t\t\t\t\t\t\t\t<img decoding=\"async\" width=\"480\" height=\"580\" src=\"http:\/\/ruhrtech.com\/fr\/wp-content\/uploads\/2023\/09\/sust3a.jpg\" class=\"attachment-full size-full wp-image-5079\" alt=\"\" srcset=\"http:\/\/ruhrtech.com\/fr\/wp-content\/uploads\/2023\/09\/sust3a.jpg 480w, http:\/\/ruhrtech.com\/fr\/wp-content\/uploads\/2023\/09\/sust3a-248x300.jpg 248w\" sizes=\"(max-width: 480px) 100vw, 480px\" \/>\t\t\t\t\t\t\t\t\t\t\t\t\t\t\t<\/div>\n\t\t\t\t<\/div>\n\t\t\t\t<\/div>\n\t\t\t\t\t<\/div>\n\t\t<\/div>\n\t\t\t\t<div class=\"elementor-column elementor-col-66 elementor-top-column elementor-element elementor-element-37053427\" data-id=\"37053427\" data-element_type=\"column\" data-e-type=\"column\">\n\t\t\t<div class=\"elementor-widget-wrap elementor-element-populated\">\n\t\t\t\t\t\t<div class=\"elementor-element elementor-element-77068e5b elementor-widget elementor-widget-heading\" data-id=\"77068e5b\" data-element_type=\"widget\" data-e-type=\"widget\" data-widget_type=\"heading.default\">\n\t\t\t\t<div class=\"elementor-widget-container\">\n\t\t\t\t\t<h2 class=\"elementor-heading-title elementor-size-default\">La valeur des bo\u00eetes de cha\u00eene du froid r\u00e9utilisables sur la r\u00e9duction des \u00e9missions de carbone<\/h2>\t\t\t\t<\/div>\n\t\t\t\t<\/div>\n\t\t\t\t<div class=\"elementor-element elementor-element-34ad26be elementor-widget-tablet__width-initial elementor-widget elementor-widget-text-editor\" data-id=\"34ad26be\" data-element_type=\"widget\" data-e-type=\"widget\" data-widget_type=\"text-editor.default\">\n\t\t\t\t<div class=\"elementor-widget-container\">\n\t\t\t\t\t\t\t\t\t<em><strong>Une bo\u00eete d&#8217;isolation plus \u00e9cologique et portable<\/strong><\/em>\t\t\t\t\t\t\t\t<\/div>\n\t\t\t\t<\/div>\n\t\t\t\t<div class=\"elementor-element elementor-element-b899e1d elementor-icon-list--layout-traditional elementor-list-item-link-full_width elementor-widget elementor-widget-icon-list\" data-id=\"b899e1d\" data-element_type=\"widget\" data-e-type=\"widget\" data-widget_type=\"icon-list.default\">\n\t\t\t\t<div class=\"elementor-widget-container\">\n\t\t\t\t\t\t\t<ul class=\"elementor-icon-list-items\">\n\t\t\t\t\t\t\t<li class=\"elementor-icon-list-item\">\n\t\t\t\t\t\t\t\t\t\t\t<span class=\"elementor-icon-list-icon\">\n\t\t\t\t\t\t\t<i aria-hidden=\"true\" class=\"fas fa-seedling\"><\/i>\t\t\t\t\t\t<\/span>\n\t\t\t\t\t\t\t\t\t\t<span class=\"elementor-icon-list-text\">r\u00e9duire 4,6 fois les \u00e9missions de carbone<\/span>\n\t\t\t\t\t\t\t\t\t<\/li>\n\t\t\t\t\t\t<\/ul>\n\t\t\t\t\t\t<\/div>\n\t\t\t\t<\/div>\n\t\t\t\t<div class=\"elementor-element elementor-element-0deb32e elementor-widget-tablet__width-initial elementor-widget elementor-widget-text-editor\" data-id=\"0deb32e\" data-element_type=\"widget\" data-e-type=\"widget\" data-widget_type=\"text-editor.default\">\n\t\t\t\t<div class=\"elementor-widget-container\">\n\t\t\t\t\t\t\t\t\t<em><strong>R\u00e9duction des \u00e9missions de carbone des stockages froids pcm<\/strong><\/em>\t\t\t\t\t\t\t\t<\/div>\n\t\t\t\t<\/div>\n\t\t\t\t<div class=\"elementor-element elementor-element-6ce161e elementor-icon-list--layout-traditional elementor-list-item-link-full_width elementor-widget elementor-widget-icon-list\" data-id=\"6ce161e\" data-element_type=\"widget\" data-e-type=\"widget\" data-widget_type=\"icon-list.default\">\n\t\t\t\t<div class=\"elementor-widget-container\">\n\t\t\t\t\t\t\t<ul class=\"elementor-icon-list-items\">\n\t\t\t\t\t\t\t<li class=\"elementor-icon-list-item\">\n\t\t\t\t\t\t\t\t\t\t\t<span class=\"elementor-icon-list-icon\">\n\t\t\t\t\t\t\t<i aria-hidden=\"true\" class=\"fas fa-snowflake\"><\/i>\t\t\t\t\t\t<\/span>\n\t\t\t\t\t\t\t\t\t\t<span class=\"elementor-icon-list-text\">r\u00e9duire de 28% les \u00e9missions de carbone<\/span>\n\t\t\t\t\t\t\t\t\t<\/li>\n\t\t\t\t\t\t<\/ul>\n\t\t\t\t\t\t<\/div>\n\t\t\t\t<\/div>\n\t\t\t\t\t<\/div>\n\t\t<\/div>\n\t\t\t\t\t<\/div>\n\t\t<\/section>\n\t\t\t\t<section class=\"elementor-section elementor-top-section elementor-element elementor-element-7ac9911a elementor-section-boxed elementor-section-height-default elementor-section-height-default\" data-id=\"7ac9911a\" data-element_type=\"section\" data-e-type=\"section\">\n\t\t\t\t\t\t<div class=\"elementor-container elementor-column-gap-default\">\n\t\t\t\t\t<div class=\"elementor-column elementor-col-100 elementor-top-column elementor-element elementor-element-3799b6d0\" data-id=\"3799b6d0\" data-element_type=\"column\" data-e-type=\"column\">\n\t\t\t<div class=\"elementor-widget-wrap elementor-element-populated\">\n\t\t\t\t\t\t<div class=\"elementor-element elementor-element-600b0900 elementor-widget elementor-widget-spacer\" data-id=\"600b0900\" data-element_type=\"widget\" data-e-type=\"widget\" data-widget_type=\"spacer.default\">\n\t\t\t\t<div class=\"elementor-widget-container\">\n\t\t\t\t\t\t\t<div class=\"elementor-spacer\">\n\t\t\t<div class=\"elementor-spacer-inner\"><\/div>\n\t\t<\/div>\n\t\t\t\t\t\t<\/div>\n\t\t\t\t<\/div>\n\t\t\t\t\t<\/div>\n\t\t<\/div>\n\t\t\t\t\t<\/div>\n\t\t<\/section>\n\t\t<div class=\"elementor-element elementor-element-2219e36 e-flex e-con-boxed e-con e-parent\" data-id=\"2219e36\" data-element_type=\"container\" data-e-type=\"container\">\n\t\t\t\t\t<div class=\"e-con-inner\">\n\t\t<div class=\"elementor-element elementor-element-1c3a037 e-con-full e-flex e-con e-child\" data-id=\"1c3a037\" data-element_type=\"container\" data-e-type=\"container\">\n\t\t\t\t<div class=\"elementor-element elementor-element-76ce599 elementor-widget elementor-widget-image\" data-id=\"76ce599\" data-element_type=\"widget\" data-e-type=\"widget\" data-widget_type=\"image.default\">\n\t\t\t\t<div class=\"elementor-widget-container\">\n\t\t\t\t\t\t\t\t\t\t\t\t\t\t\t<img decoding=\"async\" width=\"620\" height=\"410\" src=\"http:\/\/ruhrtech.com\/fr\/wp-content\/uploads\/2023\/09\/sust1a-2.jpg\" class=\"attachment-full size-full wp-image-5074\" alt=\"\" srcset=\"http:\/\/ruhrtech.com\/fr\/wp-content\/uploads\/2023\/09\/sust1a-2.jpg 620w, http:\/\/ruhrtech.com\/fr\/wp-content\/uploads\/2023\/09\/sust1a-2-300x198.jpg 300w\" sizes=\"(max-width: 620px) 100vw, 620px\" \/>\t\t\t\t\t\t\t\t\t\t\t\t\t\t\t<\/div>\n\t\t\t\t<\/div>\n\t\t\t\t<\/div>\n\t\t<div class=\"elementor-element elementor-element-9dffcf4 e-con-full e-flex e-con e-child\" data-id=\"9dffcf4\" data-element_type=\"container\" data-e-type=\"container\">\n\t\t\t\t<div class=\"elementor-element elementor-element-0786e40 elementor-widget elementor-widget-image\" data-id=\"0786e40\" data-element_type=\"widget\" data-e-type=\"widget\" data-widget_type=\"image.default\">\n\t\t\t\t<div class=\"elementor-widget-container\">\n\t\t\t\t\t\t\t\t\t\t\t\t\t\t\t<img loading=\"lazy\" decoding=\"async\" width=\"890\" height=\"410\" src=\"http:\/\/ruhrtech.com\/fr\/wp-content\/uploads\/2023\/09\/sust2a.jpg\" class=\"attachment-full size-full wp-image-5070\" alt=\"\" srcset=\"http:\/\/ruhrtech.com\/fr\/wp-content\/uploads\/2023\/09\/sust2a.jpg 890w, http:\/\/ruhrtech.com\/fr\/wp-content\/uploads\/2023\/09\/sust2a-300x138.jpg 300w, http:\/\/ruhrtech.com\/fr\/wp-content\/uploads\/2023\/09\/sust2a-768x354.jpg 768w\" sizes=\"(max-width: 890px) 100vw, 890px\" \/>\t\t\t\t\t\t\t\t\t\t\t\t\t\t\t<\/div>\n\t\t\t\t<\/div>\n\t\t\t\t<\/div>\n\t\t\t\t\t<\/div>\n\t\t\t\t<\/div>\n\t\t<div class=\"elementor-element elementor-element-5f48100 e-flex e-con-boxed e-con e-parent\" data-id=\"5f48100\" data-element_type=\"container\" data-e-type=\"container\" data-settings=\"{&quot;background_background&quot;:&quot;classic&quot;}\">\n\t\t\t\t\t<div class=\"e-con-inner\">\n\t\t\t\t<div class=\"elementor-element elementor-element-eab9af7 elementor-widget elementor-widget-text-editor\" data-id=\"eab9af7\" data-element_type=\"widget\" data-e-type=\"widget\" data-widget_type=\"text-editor.default\">\n\t\t\t\t<div class=\"elementor-widget-container\">\n\t\t\t\t\t\t\t\t\t<p class=\"p1\">Le profilage des ressources et environnemental EPS quantifie l&#8217;utilisation des ressources, l&#8217;utilisation de l&#8217;\u00e9nergie, et les \u00e9missions environnementales associ\u00e9es aux syst\u00e8mes de cycle de vie des produits. Cette analyse est unique en ce qu&#8217;elle se concentre sur l&#8217;ensemble du cycle de vie d&#8217;un produit, de l&#8217;acquisition des mati\u00e8res premi\u00e8res, en passant par la transformation, le transport et l&#8217;\u00e9limination finale. La demande en \u00e9nergie, les d\u00e9chets solides, les \u00e9missions atmosph\u00e9riques et les d\u00e9chets aquatiques provenant de la production et de l&#8217;\u00e9limination des produits sont quantifi\u00e9s ici. Bas\u00e9 sur les donn\u00e9es d&#8217;inventaire du cycle de vie EPS dans le rapport, il repr\u00e9sente 1000 unit\u00e9s d&#8217;EPS (environ 168,8 kgEPS en poids) utilis\u00e9es pour l&#8217;emballage d&#8217;un produit.<\/p>\t\t\t\t\t\t\t\t<\/div>\n\t\t\t\t<\/div>\n\t\t\t\t\t<\/div>\n\t\t\t\t<\/div>\n\t\t\t\t<\/div>\n\t\t","protected":false},"excerpt":{"rendered":"<p>La valeur des bo\u00eetes de cha\u00eene du froid r\u00e9utilisables s [&hellip;]<\/p>\n","protected":false},"author":1,"featured_media":0,"parent":0,"menu_order":0,"comment_status":"closed","ping_status":"closed","template":"","meta":{"footnotes":""},"class_list":["post-4310","page","type-page","status-publish","hentry"],"_links":{"self":[{"href":"http:\/\/ruhrtech.com\/fr\/index.php\/wp-json\/wp\/v2\/pages\/4310","targetHints":{"allow":["GET"]}}],"collection":[{"href":"http:\/\/ruhrtech.com\/fr\/index.php\/wp-json\/wp\/v2\/pages"}],"about":[{"href":"http:\/\/ruhrtech.com\/fr\/index.php\/wp-json\/wp\/v2\/types\/page"}],"author":[{"embeddable":true,"href":"http:\/\/ruhrtech.com\/fr\/index.php\/wp-json\/wp\/v2\/users\/1"}],"replies":[{"embeddable":true,"href":"http:\/\/ruhrtech.com\/fr\/index.php\/wp-json\/wp\/v2\/comments?post=4310"}],"version-history":[{"count":9,"href":"http:\/\/ruhrtech.com\/fr\/index.php\/wp-json\/wp\/v2\/pages\/4310\/revisions"}],"predecessor-version":[{"id":5945,"href":"http:\/\/ruhrtech.com\/fr\/index.php\/wp-json\/wp\/v2\/pages\/4310\/revisions\/5945"}],"wp:attachment":[{"href":"http:\/\/ruhrtech.com\/fr\/index.php\/wp-json\/wp\/v2\/media?parent=4310"}],"curies":[{"name":"wp","href":"https:\/\/api.w.org\/{rel}","templated":true}]}}