{"id":71,"date":"2023-08-02T15:13:54","date_gmt":"2023-08-02T07:13:54","guid":{"rendered":"http:\/\/ruhrtech.com\/es\/?page_id=71"},"modified":"2023-10-03T16:45:12","modified_gmt":"2023-10-03T08:45:12","slug":"about-us","status":"publish","type":"page","link":"http:\/\/ruhrtech.com\/es\/index.php\/about-us\/","title":{"rendered":"About Us"},"content":{"rendered":"\t\t<div data-elementor-type=\"wp-page\" data-elementor-id=\"71\" class=\"elementor elementor-71\" data-elementor-post-type=\"page\">\n\t\t\t\t\t\t<section class=\"elementor-section elementor-top-section elementor-element elementor-element-3932ade elementor-section-full_width elementor-hidden-mobile elementor-section-height-default elementor-section-height-default\" data-id=\"3932ade\" data-element_type=\"section\" data-e-type=\"section\" data-settings=\"{&quot;background_background&quot;:&quot;classic&quot;}\">\n\t\t\t\t\t\t<div class=\"elementor-container elementor-column-gap-default\">\n\t\t\t\t\t<div class=\"elementor-column elementor-col-100 elementor-top-column elementor-element elementor-element-9c080da\" data-id=\"9c080da\" data-element_type=\"column\" data-e-type=\"column\" data-settings=\"{&quot;background_background&quot;:&quot;classic&quot;}\">\n\t\t\t<div class=\"elementor-widget-wrap elementor-element-populated\">\n\t\t\t\t\t\t<div class=\"elementor-element elementor-element-2575913 elementor-widget elementor-widget-image\" data-id=\"2575913\" data-element_type=\"widget\" data-e-type=\"widget\" data-widget_type=\"image.default\">\n\t\t\t\t<div class=\"elementor-widget-container\">\n\t\t\t\t\t\t\t\t\t\t\t\t\t\t\t<img fetchpriority=\"high\" decoding=\"async\" width=\"1500\" height=\"480\" src=\"http:\/\/ruhrtech.com\/es\/wp-content\/uploads\/2023\/10\/aboutes.svg\" class=\"attachment-full size-full wp-image-5857\" alt=\"\" \/>\t\t\t\t\t\t\t\t\t\t\t\t\t\t\t<\/div>\n\t\t\t\t<\/div>\n\t\t\t\t\t<\/div>\n\t\t<\/div>\n\t\t\t\t\t<\/div>\n\t\t<\/section>\n\t\t\t\t<section class=\"elementor-section elementor-top-section elementor-element elementor-element-c1e4ee0 elementor-section-full_width elementor-hidden-desktop elementor-hidden-tablet elementor-section-height-default elementor-section-height-default\" data-id=\"c1e4ee0\" data-element_type=\"section\" data-e-type=\"section\" data-settings=\"{&quot;background_background&quot;:&quot;classic&quot;}\">\n\t\t\t\t\t\t<div class=\"elementor-container elementor-column-gap-default\">\n\t\t\t\t\t<div class=\"elementor-column elementor-col-100 elementor-top-column elementor-element elementor-element-cb0a118\" data-id=\"cb0a118\" data-element_type=\"column\" data-e-type=\"column\" data-settings=\"{&quot;background_background&quot;:&quot;classic&quot;}\">\n\t\t\t<div class=\"elementor-widget-wrap elementor-element-populated\">\n\t\t\t\t\t\t<div class=\"elementor-element elementor-element-477b329 elementor-widget elementor-widget-image\" data-id=\"477b329\" data-element_type=\"widget\" data-e-type=\"widget\" data-widget_type=\"image.default\">\n\t\t\t\t<div class=\"elementor-widget-container\">\n\t\t\t\t\t\t\t\t\t\t\t\t\t\t\t<img decoding=\"async\" width=\"557\" height=\"680\" src=\"http:\/\/ruhrtech.com\/es\/wp-content\/uploads\/2023\/10\/aboutmobilees.svg\" class=\"attachment-full size-full wp-image-5858\" alt=\"\" \/>\t\t\t\t\t\t\t\t\t\t\t\t\t\t\t<\/div>\n\t\t\t\t<\/div>\n\t\t\t\t\t<\/div>\n\t\t<\/div>\n\t\t\t\t\t<\/div>\n\t\t<\/section>\n\t\t\t\t<section class=\"elementor-section elementor-top-section elementor-element elementor-element-ee379c9 elementor-hidden-mobile elementor-section-boxed elementor-section-height-default elementor-section-height-default\" data-id=\"ee379c9\" data-element_type=\"section\" data-e-type=\"section\">\n\t\t\t\t\t\t<div class=\"elementor-container elementor-column-gap-default\">\n\t\t\t\t\t<div class=\"elementor-column elementor-col-100 elementor-top-column elementor-element elementor-element-fd7038b\" data-id=\"fd7038b\" data-element_type=\"column\" data-e-type=\"column\">\n\t\t\t<div class=\"elementor-widget-wrap elementor-element-populated\">\n\t\t\t\t\t\t<div class=\"elementor-element elementor-element-47dea2f elementor-widget elementor-widget-spacer\" data-id=\"47dea2f\" data-element_type=\"widget\" data-e-type=\"widget\" data-widget_type=\"spacer.default\">\n\t\t\t\t<div class=\"elementor-widget-container\">\n\t\t\t\t\t\t\t<div class=\"elementor-spacer\">\n\t\t\t<div class=\"elementor-spacer-inner\"><\/div>\n\t\t<\/div>\n\t\t\t\t\t\t<\/div>\n\t\t\t\t<\/div>\n\t\t\t\t\t<\/div>\n\t\t<\/div>\n\t\t\t\t\t<\/div>\n\t\t<\/section>\n\t\t\t\t<section class=\"elementor-section elementor-top-section elementor-element elementor-element-f91e55a elementor-hidden-desktop elementor-hidden-tablet elementor-section-boxed elementor-section-height-default elementor-section-height-default\" data-id=\"f91e55a\" data-element_type=\"section\" data-e-type=\"section\">\n\t\t\t\t\t\t<div class=\"elementor-container elementor-column-gap-default\">\n\t\t\t\t\t<div class=\"elementor-column elementor-col-100 elementor-top-column elementor-element elementor-element-2ba0af7\" data-id=\"2ba0af7\" data-element_type=\"column\" data-e-type=\"column\">\n\t\t\t<div class=\"elementor-widget-wrap elementor-element-populated\">\n\t\t\t\t\t\t<div class=\"elementor-element elementor-element-1244218 elementor-widget elementor-widget-spacer\" data-id=\"1244218\" data-element_type=\"widget\" data-e-type=\"widget\" data-widget_type=\"spacer.default\">\n\t\t\t\t<div class=\"elementor-widget-container\">\n\t\t\t\t\t\t\t<div class=\"elementor-spacer\">\n\t\t\t<div class=\"elementor-spacer-inner\"><\/div>\n\t\t<\/div>\n\t\t\t\t\t\t<\/div>\n\t\t\t\t<\/div>\n\t\t\t\t\t<\/div>\n\t\t<\/div>\n\t\t\t\t\t<\/div>\n\t\t<\/section>\n\t\t\t\t<section class=\"elementor-section elementor-top-section elementor-element elementor-element-9c9b1e9 elementor-section-boxed elementor-section-height-default elementor-section-height-default\" data-id=\"9c9b1e9\" data-element_type=\"section\" data-e-type=\"section\">\n\t\t\t\t\t\t<div class=\"elementor-container elementor-column-gap-default\">\n\t\t\t\t\t<div class=\"elementor-column elementor-col-100 elementor-top-column elementor-element elementor-element-5f30f8e\" data-id=\"5f30f8e\" data-element_type=\"column\" data-e-type=\"column\">\n\t\t\t<div class=\"elementor-widget-wrap elementor-element-populated\">\n\t\t\t\t\t\t<div class=\"elementor-element elementor-element-4e04521 elementor-widget elementor-widget-heading\" data-id=\"4e04521\" data-element_type=\"widget\" data-e-type=\"widget\" data-widget_type=\"heading.default\">\n\t\t\t\t<div class=\"elementor-widget-container\">\n\t\t\t\t\t<h2 class=\"elementor-heading-title elementor-size-default\">RuhrTech lidera en la I+D de Materiales de Cambio de Fase (PCMs) y productos relacionados.<\/h2>\t\t\t\t<\/div>\n\t\t\t\t<\/div>\n\t\t\t\t\t<\/div>\n\t\t<\/div>\n\t\t\t\t\t<\/div>\n\t\t<\/section>\n\t\t\t\t<section class=\"elementor-section elementor-top-section elementor-element elementor-element-f45f379 elementor-section-boxed elementor-section-height-default elementor-section-height-default\" data-id=\"f45f379\" data-element_type=\"section\" data-e-type=\"section\">\n\t\t\t\t\t\t<div class=\"elementor-container elementor-column-gap-default\">\n\t\t\t\t\t<div class=\"elementor-column elementor-col-100 elementor-top-column elementor-element elementor-element-fce504d\" data-id=\"fce504d\" data-element_type=\"column\" data-e-type=\"column\">\n\t\t\t<div class=\"elementor-widget-wrap elementor-element-populated\">\n\t\t\t\t\t\t<div class=\"elementor-element elementor-element-02d391e elementor-widget elementor-widget-text-editor\" data-id=\"02d391e\" data-element_type=\"widget\" data-e-type=\"widget\" data-widget_type=\"text-editor.default\">\n\t\t\t\t<div class=\"elementor-widget-container\">\n\t\t\t\t\t\t\t\t\t<p class=\"p1\">Ofrecemos soluciones integrales, personalizables y rentables para el embalaje pasivo con control de temperatura y servicios de soporte digital para el env\u00edo en cadena de fr\u00edo. Nuestra cartera incluye soluciones PCM de s\u00f3lido-l\u00edquido, s\u00f3lido-s\u00f3lido y l\u00edquido-l\u00edquido con capacidades precisas de control de temperatura desde -80\u2103 hasta +100\u2103 para productos farmac\u00e9uticos, biol\u00f3gicos, alimentos frescos, dispositivos electr\u00f3nicos, gesti\u00f3n t\u00e9rmica de bater\u00edas, almacenamiento en fr\u00edo, neutralidad de carbono y m\u00e1s. Con m\u00e1s de 100 patentes, nos esforzamos por una innovaci\u00f3n continua para ofrecer tecnolog\u00edas y soluciones de control de temperatura m\u00e1s r\u00e1pidas y mejores que satisfagan las diversas necesidades de nuestros clientes.<\/p><p class=\"p1\">Como miembro de la Asociaci\u00f3n de Calidad RAL de Alemania, cumplimos con las regulaciones de RAL-GZ 896 para garantizar una calidad de primera clase y cumplir con los est\u00e1ndares de la industria farmac\u00e9utica. Tambi\u00e9n contamos con una asociaci\u00f3n a largo plazo con Rubitherm de Alemania, proporcionando ventas y soporte t\u00e9cnico para el PCM de Rubitherm en la regi\u00f3n de la Gran China (China continental, Hong Kong, Macao y Taiw\u00e1n). Nuestros clientes incluyen a las principales compa\u00f1\u00edas farmac\u00e9uticas, organizaciones cl\u00ednicas y proveedores log\u00edsticos en China, como MSD, Eli Lilly, Johnson &amp; Johnson, Merck, Sanofi, Sinopharm, etc. Y ahora estamos comprometidos a ofrecer servicios de control de temperatura de alta calidad y rentables a nivel mundial.<\/p>\t\t\t\t\t\t\t\t<\/div>\n\t\t\t\t<\/div>\n\t\t\t\t\t<\/div>\n\t\t<\/div>\n\t\t\t\t\t<\/div>\n\t\t<\/section>\n\t\t\t\t<section class=\"elementor-section elementor-top-section elementor-element elementor-element-5f4ba42 elementor-section-boxed elementor-section-height-default elementor-section-height-default\" data-id=\"5f4ba42\" data-element_type=\"section\" data-e-type=\"section\">\n\t\t\t\t\t\t<div class=\"elementor-container elementor-column-gap-default\">\n\t\t\t\t\t<div class=\"elementor-column elementor-col-100 elementor-top-column elementor-element elementor-element-c358965\" data-id=\"c358965\" data-element_type=\"column\" data-e-type=\"column\">\n\t\t\t<div class=\"elementor-widget-wrap elementor-element-populated\">\n\t\t\t\t\t\t<div class=\"elementor-element elementor-element-3b4f12e elementor-widget elementor-widget-spacer\" data-id=\"3b4f12e\" data-element_type=\"widget\" data-e-type=\"widget\" data-widget_type=\"spacer.default\">\n\t\t\t\t<div class=\"elementor-widget-container\">\n\t\t\t\t\t\t\t<div class=\"elementor-spacer\">\n\t\t\t<div class=\"elementor-spacer-inner\"><\/div>\n\t\t<\/div>\n\t\t\t\t\t\t<\/div>\n\t\t\t\t<\/div>\n\t\t\t\t\t<\/div>\n\t\t<\/div>\n\t\t\t\t\t<\/div>\n\t\t<\/section>\n\t\t\t\t<section class=\"elementor-section elementor-top-section elementor-element elementor-element-550b2a3 elementor-section-boxed elementor-section-height-default elementor-section-height-default\" data-id=\"550b2a3\" data-element_type=\"section\" data-e-type=\"section\">\n\t\t\t\t\t\t<div class=\"elementor-container elementor-column-gap-default\">\n\t\t\t\t\t<div class=\"elementor-column elementor-col-100 elementor-top-column elementor-element elementor-element-f40c019\" data-id=\"f40c019\" data-element_type=\"column\" data-e-type=\"column\">\n\t\t\t<div class=\"elementor-widget-wrap elementor-element-populated\">\n\t\t\t\t\t\t<div class=\"elementor-element elementor-element-1a8b504 elementor-widget elementor-widget-heading\" data-id=\"1a8b504\" data-element_type=\"widget\" data-e-type=\"widget\" data-widget_type=\"heading.default\">\n\t\t\t\t<div class=\"elementor-widget-container\">\n\t\t\t\t\t<h2 class=\"elementor-heading-title elementor-size-default\">Visi\u00f3n y Misi\u00f3n<\/h2>\t\t\t\t<\/div>\n\t\t\t\t<\/div>\n\t\t\t\t\t<\/div>\n\t\t<\/div>\n\t\t\t\t\t<\/div>\n\t\t<\/section>\n\t\t\t\t<section class=\"elementor-section elementor-top-section elementor-element elementor-element-3b5adad elementor-section-boxed elementor-section-height-default elementor-section-height-default\" data-id=\"3b5adad\" data-element_type=\"section\" data-e-type=\"section\">\n\t\t\t\t\t\t<div class=\"elementor-container elementor-column-gap-default\">\n\t\t\t\t\t<div class=\"elementor-column elementor-col-100 elementor-top-column elementor-element elementor-element-e5d73f2\" data-id=\"e5d73f2\" data-element_type=\"column\" data-e-type=\"column\">\n\t\t\t<div class=\"elementor-widget-wrap elementor-element-populated\">\n\t\t\t\t\t\t<div class=\"elementor-element elementor-element-83b3b2b elementor-widget elementor-widget-text-editor\" data-id=\"83b3b2b\" data-element_type=\"widget\" data-e-type=\"widget\" data-widget_type=\"text-editor.default\">\n\t\t\t\t<div class=\"elementor-widget-container\">\n\t\t\t\t\t\t\t\t\t<p class=\"p1\"><b>Seguridad. Calidad. Estabilidad. <\/b>Estas no son solo palabras para nosotros; son los pilares de nuestro ethos.<\/p><p class=\"p1\">Estamos profundamente comprometidos con el bienestar tanto de las personas como de nuestro planeta. Nuestras soluciones potencian las cadenas de suministro vitales sensibles a la temperatura, asegurando que operen con una seguridad y consistencia inigualables. Nuestros materiales de aislamiento de alto rendimiento no solo protegen los productos, sino que tambi\u00e9n conservan significativamente la energ\u00eda, reflejando nuestra dedicaci\u00f3n al medio ambiente.<\/p><p class=\"p1\">Como visionarios y defensores en tecnolog\u00eda y calidad, nos enorgullecemos de nuestras soluciones de embalaje t\u00e9rmico ecol\u00f3gico. Estas est\u00e1n meticulosamente dise\u00f1adas para prevenir cualquier interrupci\u00f3n, asegurando la entrega segura de bienes esenciales para la vida y sensibles a la temperatura. Al colaborar con nosotros, nuestros clientes no solo elevan el valor de sus aplicaciones, sino que tambi\u00e9n aumentan sustancialmente la eficiencia energ\u00e9tica, gracias a nuestras avanzadas soluciones de aislamiento.<\/p>\t\t\t\t\t\t\t\t<\/div>\n\t\t\t\t<\/div>\n\t\t\t\t\t<\/div>\n\t\t<\/div>\n\t\t\t\t\t<\/div>\n\t\t<\/section>\n\t\t\t\t<section class=\"elementor-section elementor-top-section elementor-element elementor-element-9f343a8 elementor-section-boxed elementor-section-height-default elementor-section-height-default\" data-id=\"9f343a8\" data-element_type=\"section\" data-e-type=\"section\">\n\t\t\t\t\t\t<div class=\"elementor-container elementor-column-gap-default\">\n\t\t\t\t\t<div class=\"elementor-column elementor-col-100 elementor-top-column elementor-element elementor-element-d310cf6\" data-id=\"d310cf6\" data-element_type=\"column\" data-e-type=\"column\">\n\t\t\t<div class=\"elementor-widget-wrap elementor-element-populated\">\n\t\t\t\t\t\t<div class=\"elementor-element elementor-element-55743d1 elementor-widget elementor-widget-spacer\" data-id=\"55743d1\" data-element_type=\"widget\" data-e-type=\"widget\" data-widget_type=\"spacer.default\">\n\t\t\t\t<div class=\"elementor-widget-container\">\n\t\t\t\t\t\t\t<div class=\"elementor-spacer\">\n\t\t\t<div class=\"elementor-spacer-inner\"><\/div>\n\t\t<\/div>\n\t\t\t\t\t\t<\/div>\n\t\t\t\t<\/div>\n\t\t\t\t\t<\/div>\n\t\t<\/div>\n\t\t\t\t\t<\/div>\n\t\t<\/section>\n\t\t\t\t<\/div>\n\t\t","protected":false},"excerpt":{"rendered":"<p>RuhrTech lidera en la I+D de Materiales de Cambio de Fa [&hellip;]<\/p>\n","protected":false},"author":1,"featured_media":0,"parent":0,"menu_order":0,"comment_status":"closed","ping_status":"closed","template":"","meta":{"footnotes":""},"class_list":["post-71","page","type-page","status-publish","hentry"],"_links":{"self":[{"href":"http:\/\/ruhrtech.com\/es\/index.php\/wp-json\/wp\/v2\/pages\/71","targetHints":{"allow":["GET"]}}],"collection":[{"href":"http:\/\/ruhrtech.com\/es\/index.php\/wp-json\/wp\/v2\/pages"}],"about":[{"href":"http:\/\/ruhrtech.com\/es\/index.php\/wp-json\/wp\/v2\/types\/page"}],"author":[{"embeddable":true,"href":"http:\/\/ruhrtech.com\/es\/index.php\/wp-json\/wp\/v2\/users\/1"}],"replies":[{"embeddable":true,"href":"http:\/\/ruhrtech.com\/es\/index.php\/wp-json\/wp\/v2\/comments?post=71"}],"version-history":[{"count":6,"href":"http:\/\/ruhrtech.com\/es\/index.php\/wp-json\/wp\/v2\/pages\/71\/revisions"}],"predecessor-version":[{"id":5863,"href":"http:\/\/ruhrtech.com\/es\/index.php\/wp-json\/wp\/v2\/pages\/71\/revisions\/5863"}],"wp:attachment":[{"href":"http:\/\/ruhrtech.com\/es\/index.php\/wp-json\/wp\/v2\/media?parent=71"}],"curies":[{"name":"wp","href":"https:\/\/api.w.org\/{rel}","templated":true}]}}